{"id":82,"date":"2024-04-17T18:21:12","date_gmt":"2024-04-17T16:21:12","guid":{"rendered":"http:\/\/meinbsv.de\/korpsderkoenige\/?page_id=82"},"modified":"2024-11-08T14:35:28","modified_gmt":"2024-11-08T13:35:28","slug":"bilder-koengliches-korps","status":"publish","type":"page","link":"https:\/\/meinbsv.de\/koeniglicheskorps\/bilder-koengliches-korps\/","title":{"rendered":"Bilder K\u00f6nigliches Korps"},"content":{"rendered":"<div data-colibri-id=\"82-c1\" class=\"style-283 style-local-82-c1 position-relative\">\n  \n  <div data-colibri-component=\"section\" data-colibri-id=\"82-c2\" id=\"custom\" class=\"h-section h-section-global-spacing d-flex align-items-lg-center align-items-md-center align-items-center style-294 style-local-82-c2 position-relative\">\n    \n    \n    <div class=\"h-section-grid-container h-section-boxed-container\">\n      \n      <div data-colibri-id=\"82-c3\" class=\"h-row-container gutters-row-lg-2 gutters-row-md-2 gutters-row-0 gutters-row-v-lg-2 gutters-row-v-md-2 gutters-row-v-2 style-295 style-local-82-c3 position-relative\">\n        \n        <div class=\"h-row justify-content-lg-center justify-content-md-center justify-content-center align-items-lg-stretch align-items-md-stretch align-items-stretch gutters-col-lg-2 gutters-col-md-2 gutters-col-0 gutters-col-v-lg-2 gutters-col-v-md-2 gutters-col-v-2\">\n          \n          <div class=\"h-column h-column-container d-flex h-col-lg-auto h-col-md-auto h-col-auto style-296-outer style-local-82-c4-outer\">\n            <div data-colibri-id=\"82-c4\" class=\"d-flex h-flex-basis h-column__inner h-px-lg-2 h-px-md-2 h-px-2 v-inner-lg-2 v-inner-md-2 v-inner-2 style-296 style-local-82-c4 position-relative\">\n              \n              \n              <div class=\"w-100 h-y-container h-column__content h-column__v-align flex-basis-100 align-self-lg-start align-self-md-start align-self-start\">\n                \n                <div data-toggle=\"true\" data-is-preview=\"true\" data-colibri-component=\"accordion\" data-colibri-id=\"82-c5\" class=\"h-accordion style-308 style-local-82-c5 position-relative h-element\">\n                  \n                  <div data-colibri-id=\"82-c6\" class=\"h-accordion-item h-accordion-item-first-child style-309 style-local-82-c6 position-relative h-element\">\n                    \n                    <a data-open-by-default=\"false\" href=\"#82-c6\" class=\"h-accordion-item-title d-flex align-items-center h-global-transition\">\n                      <span>2024<\/span>\n                      <div class=\"h-accordion-item-title-normal-icon h-accordion-item-title-icon h-accordion-item-title-icon-right\"><span class=\"h-svg-icon\"><!--Icon by Font Awesome (https:\/\/fontawesome.com)-->\n    <svg version=\"1.1\" xmlns=\"http:\/\/www.w3.org\/2000\/svg\" xmlns:xlink=\"http:\/\/www.w3.org\/1999\/xlink\" id=\"camera\" viewBox=\"0 0 1920 1896.0833\">\n      <path d=\"M960 672q119 0 203.5 84.5T1248 960t-84.5 203.5T960 1248t-203.5-84.5T672 960t84.5-203.5T960 672zm704-416q106 0 181 75t75 181v896q0 106-75 181t-181 75H256q-106 0-181-75T0 1408V512q0-106 75-181t181-75h224l51-136q19-49 69.5-84.5T704 0h512q53 0 103.5 35.5T1389 120l51 136h224zM960 1408q185 0 316.5-131.5T1408 960t-131.5-316.5T960 512 643.5 643.5 512 960t131.5 316.5T960 1408z\"><\/path>\n    <\/svg><\/span><\/div>\n                      <div class=\"h-accordion-item-title-active-icon h-accordion-item-title-icon h-accordion-item-title-icon-right\"><span class=\"h-svg-icon\"><!--Icon by Font Awesome (https:\/\/fontawesome.com)-->\n    <svg version=\"1.1\" xmlns=\"http:\/\/www.w3.org\/2000\/svg\" xmlns:xlink=\"http:\/\/www.w3.org\/1999\/xlink\" id=\"th\" viewBox=\"0 0 1792 1896.0833\">\n      <path d=\"M512 1248v192q0 40-28 68t-68 28H96q-40 0-68-28t-28-68v-192q0-40 28-68t68-28h320q40 0 68 28t28 68zm0-512v192q0 40-28 68t-68 28H96q-40 0-68-28T0 928V736q0-40 28-68t68-28h320q40 0 68 28t28 68zm640 512v192q0 40-28 68t-68 28H736q-40 0-68-28t-28-68v-192q0-40 28-68t68-28h320q40 0 68 28t28 68zM512 224v192q0 40-28 68t-68 28H96q-40 0-68-28T0 416V224q0-40 28-68t68-28h320q40 0 68 28t28 68zm640 512v192q0 40-28 68t-68 28H736q-40 0-68-28t-28-68V736q0-40 28-68t68-28h320q40 0 68 28t28 68zm640 512v192q0 40-28 68t-68 28h-320q-40 0-68-28t-28-68v-192q0-40 28-68t68-28h320q40 0 68 28t28 68zM1152 224v192q0 40-28 68t-68 28H736q-40 0-68-28t-28-68V224q0-40 28-68t68-28h320q40 0 68 28t28 68zm640 512v192q0 40-28 68t-68 28h-320q-40 0-68-28t-28-68V736q0-40 28-68t68-28h320q40 0 68 28t28 68zm0-512v192q0 40-28 68t-68 28h-320q-40 0-68-28t-28-68V224q0-40 28-68t68-28h320q40 0 68 28t28 68z\"><\/path>\n    <\/svg><\/span><\/div>\n                    <\/a>\n                    <div id=\"82-c6\" class=\"h-accordion-item-content__container\">\n                      <div class=\"w-100 h-y-container h-accordion-item-content\">\n                        \n                        <div data-colibri-id=\"82-c7\" class=\"icon-list d-flex justify-content-lg-start justify-content-md-start justify-content-start style-315 style-local-82-c7 position-relative h-element\">\n                          \n                          <ul class=\"ul-list-icon vertical-on-desktop vertical-on-tablet vertical-on-mobile justify-content-lg-start justify-content-md-start justify-content-start\">\n                            \n                            <li class=\"list-item no-gutters\">\n                              \n                              <div class=\"list-container-divider d-flex justify-content-lg-start justify-content-md-start justify-content-start first-el-spacer\"><\/div>\n                              <a href=\"https:\/\/nc-6427113599100115459.nextcloud-ionos.com\/index.php\/apps\/photos\/public\/dg2wm7ZFwiFkhgFRa2omb93kV5P3Tl4V\" target=\"_blank\" class=\"item-link no-gutters\" rel=\"noopener\">\n                                <div class=\"d-flex h-col no-gutters align-items-lg-center align-items-md-center align-items-center list-item-text-wrapper\">\n                                  <div class=\"d-flex\"><span class=\"h-svg-icon style-315-icon style-local-82-c7-icon\"><!--Icon by Font Awesome (https:\/\/fontawesome.com)-->\n    <svg version=\"1.1\" xmlns=\"http:\/\/www.w3.org\/2000\/svg\" xmlns:xlink=\"http:\/\/www.w3.org\/1999\/xlink\" id=\"camera\" viewBox=\"0 0 1920 1896.0833\">\n      <path d=\"M960 672q119 0 203.5 84.5T1248 960t-84.5 203.5T960 1248t-203.5-84.5T672 960t84.5-203.5T960 672zm704-416q106 0 181 75t75 181v896q0 106-75 181t-181 75H256q-106 0-181-75T0 1408V512q0-106 75-181t181-75h224l51-136q19-49 69.5-84.5T704 0h512q53 0 103.5 35.5T1389 120l51 136h224zM960 1408q185 0 316.5-131.5T1408 960t-131.5-316.5T960 512 643.5 643.5 512 960t131.5 316.5T960 1408z\"><\/path>\n    <\/svg><\/span><\/div> <span class=\"list-text d-block\"><span>Generalversammlung<\/span><\/span>\n                                <\/div>\n                              <\/a>\n                              <div class=\"list-container-divider d-flex justify-content-lg-start justify-content-md-start justify-content-start\">\n                                \n                              <\/div>\n                            <\/li>\n                            <li class=\"list-item no-gutters\">\n                              \n                              \n                              <a href=\"https:\/\/nc-6427113599100115459.nextcloud-ionos.com\/index.php\/apps\/photos\/public\/bKByVRBVJh02TmVAJhWmFhwelAEGySSh\" target=\"_blank\" class=\"item-link no-gutters\" rel=\"noopener\">\n                                <div class=\"d-flex h-col no-gutters align-items-lg-center align-items-md-center align-items-center list-item-text-wrapper\">\n                                  <div class=\"d-flex\"><span class=\"h-svg-icon style-315-icon style-local-82-c7-icon\"><!--Icon by Font Awesome (https:\/\/fontawesome.com)-->\n    <svg version=\"1.1\" xmlns=\"http:\/\/www.w3.org\/2000\/svg\" xmlns:xlink=\"http:\/\/www.w3.org\/1999\/xlink\" id=\"camera\" viewBox=\"0 0 1920 1896.0833\">\n      <path d=\"M960 672q119 0 203.5 84.5T1248 960t-84.5 203.5T960 1248t-203.5-84.5T672 960t84.5-203.5T960 672zm704-416q106 0 181 75t75 181v896q0 106-75 181t-181 75H256q-106 0-181-75T0 1408V512q0-106 75-181t181-75h224l51-136q19-49 69.5-84.5T704 0h512q53 0 103.5 35.5T1389 120l51 136h224zM960 1408q185 0 316.5-131.5T1408 960t-131.5-316.5T960 512 643.5 643.5 512 960t131.5 316.5T960 1408z\"><\/path>\n    <\/svg><\/span><\/div> <span class=\"list-text d-block\"><span>40 Jahre K\u00f6nigliches Korps<\/span><\/span>\n                                <\/div>\n                              <\/a>\n                              <div class=\"list-container-divider d-flex justify-content-lg-start justify-content-md-start justify-content-start\">\n                                \n                              <\/div>\n                            <\/li>\n                            <li class=\"list-item no-gutters\">\n                              \n                              \n                              <a href=\"https:\/\/nc-6427113599100115459.nextcloud-ionos.com\/index.php\/apps\/photos\/public\/spTifaHhKBaQ665yERvVZbmVpzLsAZAH\" target=\"_blank\" class=\"item-link no-gutters\" rel=\"noopener\">\n                                <div class=\"d-flex h-col no-gutters align-items-lg-center align-items-md-center align-items-center list-item-text-wrapper\">\n                                  <div class=\"d-flex\"><span class=\"h-svg-icon style-315-icon style-local-82-c7-icon\"><!--Icon by Font Awesome (https:\/\/fontawesome.com)-->\n    <svg version=\"1.1\" xmlns=\"http:\/\/www.w3.org\/2000\/svg\" xmlns:xlink=\"http:\/\/www.w3.org\/1999\/xlink\" id=\"camera\" viewBox=\"0 0 1920 1896.0833\">\n      <path d=\"M960 672q119 0 203.5 84.5T1248 960t-84.5 203.5T960 1248t-203.5-84.5T672 960t84.5-203.5T960 672zm704-416q106 0 181 75t75 181v896q0 106-75 181t-181 75H256q-106 0-181-75T0 1408V512q0-106 75-181t181-75h224l51-136q19-49 69.5-84.5T704 0h512q53 0 103.5 35.5T1389 120l51 136h224zM960 1408q185 0 316.5-131.5T1408 960t-131.5-316.5T960 512 643.5 643.5 512 960t131.5 316.5T960 1408z\"><\/path>\n    <\/svg><\/span><\/div> <span class=\"list-text d-block\"><span>Bank umstellen<\/span><\/span>\n                                <\/div>\n                              <\/a>\n                              <div class=\"list-container-divider d-flex justify-content-lg-start justify-content-md-start justify-content-start\">\n                                \n                              <\/div>\n                            <\/li>\n                            <li class=\"list-item no-gutters\">\n                              \n                              \n                              <a href=\"https:\/\/nc-6427113599100115459.nextcloud-ionos.com\/index.php\/apps\/photos\/public\/W42D6M8AzdGQEeqOEgRknWe236EuJMt0\" target=\"_blank\" class=\"item-link no-gutters\" rel=\"noopener\">\n                                <div class=\"d-flex h-col no-gutters align-items-lg-center align-items-md-center align-items-center list-item-text-wrapper\">\n                                  <div class=\"d-flex\"><span class=\"h-svg-icon style-315-icon style-local-82-c7-icon\"><!--Icon by Font Awesome (https:\/\/fontawesome.com)-->\n    <svg version=\"1.1\" xmlns=\"http:\/\/www.w3.org\/2000\/svg\" xmlns:xlink=\"http:\/\/www.w3.org\/1999\/xlink\" id=\"camera\" viewBox=\"0 0 1920 1896.0833\">\n      <path d=\"M960 672q119 0 203.5 84.5T1248 960t-84.5 203.5T960 1248t-203.5-84.5T672 960t84.5-203.5T960 672zm704-416q106 0 181 75t75 181v896q0 106-75 181t-181 75H256q-106 0-181-75T0 1408V512q0-106 75-181t181-75h224l51-136q19-49 69.5-84.5T704 0h512q53 0 103.5 35.5T1389 120l51 136h224zM960 1408q185 0 316.5-131.5T1408 960t-131.5-316.5T960 512 643.5 643.5 512 960t131.5 316.5T960 1408z\"><\/path>\n    <\/svg><\/span><\/div> <span class=\"list-text d-block\"><span>K\u00f6nigsaufnahme<\/span><\/span>\n                                <\/div>\n                              <\/a>\n                              <div class=\"list-container-divider d-flex justify-content-lg-start justify-content-md-start justify-content-start\">\n                                \n                              <\/div>\n                            <\/li>\n                            <li class=\"list-item no-gutters\">\n                              \n                              \n                              <a href=\"https:\/\/nc-6427113599100115459.nextcloud-ionos.com\/index.php\/apps\/photos\/public\/1Whn21SuG4dvDllGaC1sXkaIHrIGzApZ\" target=\"_blank\" class=\"item-link no-gutters\" rel=\"noopener\">\n                                <div class=\"d-flex h-col no-gutters align-items-lg-center align-items-md-center align-items-center list-item-text-wrapper\">\n                                  <div class=\"d-flex\"><span class=\"h-svg-icon style-315-icon style-local-82-c7-icon\"><!--Icon by Font Awesome (https:\/\/fontawesome.com)-->\n    <svg version=\"1.1\" xmlns=\"http:\/\/www.w3.org\/2000\/svg\" xmlns:xlink=\"http:\/\/www.w3.org\/1999\/xlink\" id=\"camera\" viewBox=\"0 0 1920 1896.0833\">\n      <path d=\"M960 672q119 0 203.5 84.5T1248 960t-84.5 203.5T960 1248t-203.5-84.5T672 960t84.5-203.5T960 672zm704-416q106 0 181 75t75 181v896q0 106-75 181t-181 75H256q-106 0-181-75T0 1408V512q0-106 75-181t181-75h224l51-136q19-49 69.5-84.5T704 0h512q53 0 103.5 35.5T1389 120l51 136h224zM960 1408q185 0 316.5-131.5T1408 960t-131.5-316.5T960 512 643.5 643.5 512 960t131.5 316.5T960 1408z\"><\/path>\n    <\/svg><\/span><\/div> <span class=\"list-text d-block\"><span>Sch\u00fctzenfest<\/span><\/span>\n                                <\/div>\n                              <\/a>\n                              <div class=\"list-container-divider d-flex justify-content-lg-start justify-content-md-start justify-content-start\">\n                                \n                              <\/div>\n                              <div class=\"list-container-divider d-flex justify-content-lg-start justify-content-md-start justify-content-start last-el-spacer\"><\/div>\n                            <\/li>\n                          <\/ul>\n                        <\/div>\n                      <\/div>\n                    <\/div>\n                  <\/div>\n                <\/div>\n              <\/div>\n            <\/div>\n          <\/div>\n        <\/div>\n      <\/div>\n    <\/div>\n  <\/div>\n<\/div>","protected":false},"excerpt":{"rendered":"<p>2024 Generalversammlung 40 Jahre K\u00f6nigliches Korps Bank umstellen K\u00f6nigsaufnahme Sch\u00fctzenfest<\/p>\n","protected":false},"author":2,"featured_media":0,"parent":0,"menu_order":0,"comment_status":"closed","ping_status":"closed","template":"page-templates\/full-width-page.php","meta":{"footnotes":""},"class_list":["post-82","page","type-page","status-publish","hentry"],"_links":{"self":[{"href":"https:\/\/meinbsv.de\/koeniglicheskorps\/wp-json\/wp\/v2\/pages\/82","targetHints":{"allow":["GET"]}}],"collection":[{"href":"https:\/\/meinbsv.de\/koeniglicheskorps\/wp-json\/wp\/v2\/pages"}],"about":[{"href":"https:\/\/meinbsv.de\/koeniglicheskorps\/wp-json\/wp\/v2\/types\/page"}],"author":[{"embeddable":true,"href":"https:\/\/meinbsv.de\/koeniglicheskorps\/wp-json\/wp\/v2\/users\/2"}],"replies":[{"embeddable":true,"href":"https:\/\/meinbsv.de\/koeniglicheskorps\/wp-json\/wp\/v2\/comments?post=82"}],"version-history":[{"count":4,"href":"https:\/\/meinbsv.de\/koeniglicheskorps\/wp-json\/wp\/v2\/pages\/82\/revisions"}],"predecessor-version":[{"id":267,"href":"https:\/\/meinbsv.de\/koeniglicheskorps\/wp-json\/wp\/v2\/pages\/82\/revisions\/267"}],"wp:attachment":[{"href":"https:\/\/meinbsv.de\/koeniglicheskorps\/wp-json\/wp\/v2\/media?parent=82"}],"curies":[{"name":"wp","href":"https:\/\/api.w.org\/{rel}","templated":true}]}}