{"id":89,"date":"2024-04-14T13:41:16","date_gmt":"2024-04-14T11:41:16","guid":{"rendered":"http:\/\/meinbsv.de\/ehrengarde\/?page_id=89"},"modified":"2024-06-17T16:14:39","modified_gmt":"2024-06-17T14:14:39","slug":"lieder-der-ehrengarde","status":"publish","type":"page","link":"https:\/\/meinbsv.de\/ehrengarde\/lieder-der-ehrengarde\/","title":{"rendered":"Lieder der Ehrengarde"},"content":{"rendered":"<div data-colibri-id=\"89-c1\" class=\"style-299 style-local-89-c1 position-relative\">\n  \n  <div data-colibri-component=\"section\" data-colibri-id=\"89-c2\" id=\"custom\" class=\"h-section h-section-global-spacing d-flex align-items-lg-center align-items-md-center align-items-center style-300 style-local-89-c2 position-relative\">\n    \n    \n    <div class=\"h-section-grid-container h-section-boxed-container\">\n      \n      <div data-colibri-id=\"89-c3\" class=\"h-row-container gutters-row-lg-2 gutters-row-md-2 gutters-row-0 gutters-row-v-lg-2 gutters-row-v-md-2 gutters-row-v-2 style-301 style-local-89-c3 position-relative\">\n        \n        <div class=\"h-row justify-content-lg-center justify-content-md-center justify-content-center align-items-lg-stretch align-items-md-stretch align-items-stretch gutters-col-lg-2 gutters-col-md-2 gutters-col-0 gutters-col-v-lg-2 gutters-col-v-md-2 gutters-col-v-2\">\n          \n          <div class=\"h-column h-column-container d-flex h-col-lg-auto h-col-md-auto h-col-auto style-302-outer style-local-89-c4-outer\">\n            <div data-colibri-id=\"89-c4\" class=\"d-flex h-flex-basis h-column__inner h-px-lg-2 h-px-md-2 h-px-2 v-inner-lg-2 v-inner-md-2 v-inner-2 style-302 style-local-89-c4 position-relative\">\n              \n              \n              <div class=\"w-100 h-y-container h-column__content h-column__v-align flex-basis-100 align-self-lg-start align-self-md-start align-self-start\">\n                \n                <div data-colibri-id=\"89-c5\" class=\"h-global-transition-all h-heading style-303 style-local-89-c5 position-relative h-element\">\n                  \n                  <div class=\"h-heading__outer style-303 style-local-89-c5\">\n                    \n                    \n                    <h2 class=\"\">Ehrengardelied<\/h2>\n                  <\/div>\n                <\/div>\n                <div data-colibri-id=\"89-c6\" class=\"h-text h-text-component style-304 style-local-89-c6 position-relative h-element\">\n                  \n                  \n                  <div class=\"\">\n                    <p>Der Ehrengarde schmucke Schar sind wir voll Jugendfeuer.\n                      <br> Wir folgen treu des Bundes Aar, dem Zeichen, das uns teuer.\n                      <br> Hoch lebe unser Kommandeur! Er reitet stolz zu Pferde.\n                      <br> Und wir, wir ziehen hinterher \u2013 gibt\u00b4s Sch\u00f6neres auf der Erde?<\/p>\n                    <p>Wir ziehen durch die Stra\u00dfen hin, in festlichem Gepr\u00e4nge,\n                      <br> mit stolzem Mut und frohem Sinn, nicht st\u00f6ret uns die Menge.\n                      <br> Manch Auge schwarz, manch Auge braun, blickt auf uns stramme Jungen,\n                      <br> doch niemand darf zur Seite schaun, bis \u201eR\u00fchrt Euch\u201c ist erklungen.<\/p>\n                    <p>Denn fest h\u00e4lt uns\u00b4res F\u00fchrers Hand, der hehren Ordnung Z\u00fcgel.\n                      <br> Vermessen w\u00e4r\u00b4s und Unverstand, zu streichen \u00fcber\u00b4n B\u00fcgel.\n                      <br> Nur wenn er uns Versammlung h\u00e4lt, l\u00e4\u00dft er die Milde walten,\n                      <br> dann sind die Herren wir der Welt und d\u00fcrfen freier schalten.<\/p>\n                    <p>Gesang erklingt und Jubelton in uns\u00b4rem frohen Kreise.\n                      <br> Die Stadt, sie spricht: \u201eMan h\u00f6rt es schon, \u00b4s ist Ehrengardeweise!\n                      <br> Begeistert schwillet uns die Brust! Hoch Vaterland, hoch Treue!\n                      <br> Das ist die echte Burschenlust, dir weih\u00b4n wir uns auf\u00b4s neue!<\/p>\n                    <p>Wir sind mit Herz und Hand bereit, die zahl stets zu vermehren.\n                      <br> Der Zweck der Garde ist es doch, das Sch\u00fctzenfest zu ehren.\n                      <br> So ist\u00b4s, so war\u00b4s, so soll es sein in un\u00b4serm Bund, Genossen,\n                      <br> zur Ehrengarde halten wir \u2013 freudig und unverdrossen!<\/p>\n                  <\/div>\n                <\/div>\n                <div data-colibri-id=\"89-c7\" class=\"h-divider style-306 style-local-89-c7 position-relative h-element\">\n                  <span class=\"h-divider__line style-306-line style-local-89-c7-line style-306-line style-local-89-c7-line\"><\/span> <span class=\"h-svg-icon h-divider__icon style-306-icon style-local-89-c7-icon\"><!--Icon by Font Awesome (https:\/\/fontawesome.com)-->\n    <svg version=\"1.1\" xmlns=\"http:\/\/www.w3.org\/2000\/svg\" xmlns:xlink=\"http:\/\/www.w3.org\/1999\/xlink\" id=\"music\" viewBox=\"0 0 1536 1896.0833\">\n      <path d=\"M1536 224v1120q0 50-34 89t-86 60.5-103.5 32-96.5 10.5-96.5-10.5-103.5-32-86-60.5-34-89 34-89 86-60.5 103.5-32 96.5-10.5q105 0 192 39V654L640 891v709q0 50-34 89t-86 60.5-103.5 32T320 1792t-96.5-10.5-103.5-32-86-60.5-34-89 34-89 86-60.5 103.5-32T320 1408q105 0 192 39V480q0-31 19-56.5t49-35.5l832-256q12-4 28-4 40 0 68 28t28 68z\"><\/path>\n    <\/svg><\/span> <span class=\"h-divider__line style-306-line style-local-89-c7-line style-306-line style-local-89-c7-line\"><\/span><\/div>\n                <div data-colibri-id=\"89-c8\" class=\"h-global-transition-all h-heading style-311 style-local-89-c8 position-relative h-element\">\n                  \n                  <div class=\"h-heading__outer style-311 style-local-89-c8\">\n                    \n                    \n                    <h2 class=\"\">Sch\u00fctzenlied von 1954<\/h2>\n                  <\/div>\n                <\/div>\n                <div data-colibri-id=\"89-c9\" class=\"h-text h-text-component style-312 style-local-89-c9 position-relative h-element\">\n                  \n                  \n                  <div class=\"\">\n                    <p><em>Text: Th. Enders, Komp.: B. Enk<\/em><\/p>\n                    <p>Wenn im Monat Juli die Sch\u00fctzen ziehen aus,\n                      <br> dann ist in Fri\u00e4kens niemand mehr zu Haus.\n                      <br> Die Arbeit ruht, es geht hinaus\n                      <br> mit Lied und Marsch zum Sch\u00fctzenhaus.\n                      <br> Der Frohsinn und die Br\u00fcderschaft\n                      <br> gibt wieder neue Lebenskraft.\n                      <br> Drum reichen wir uns all die Hand,\n                      <br> Gott sch\u00fctze unser Vaterland.<\/p>\n                    <p><em>Refrain:<br> Gr\u00fcnwei\u00df ist uns\u00b4re Sch\u00fctzentradition,<br> gr\u00fcnwei\u00df ist unser Sch\u00fctzenbataillon,<br> gr\u00fcnwei\u00df, gr\u00fcnwei\u00df, das liebe ich so sehr.<br> o, Pico, Pico, Pico gib die B\u00fcchse wieder raus,<br> wir schie\u00dfen, wir schie\u00dfen den K\u00f6nig wieder aus,<br> gr\u00fcnwei\u00df, gr\u00fcnwei\u00df, das lieben wir so sehr.<\/em><\/p>\n                    <p>Wenn am fr\u00fchen Abend der Adler f\u00e4llt vom Schu\u00df,\n                      <br> dann schl\u00e4gt dem Sch\u00fctzen das Herz in der Brust.\n                      <br> Dem K\u00f6nig dann zu Ruhm und Ehr\u00b4,\n                      <br> stellt sich zur Stell\u00b4 das Sch\u00fctzenheer.\n                      <br> Der Tambour hoch im gleichen Schritt,\n                      <br> wer macht nicht die Parade mit?\n                      <br> Und hoch zu Ro\u00df nach Tradition,\n                      <br> Standarte vor dem Bataillon.<\/p>\n                    <p><em>Refrain:<br> Gr\u00fcnwei\u00df ist uns\u00b4re Sch\u00fctzentradition,<br> gr\u00fcnwei\u00df ist unser Sch\u00fctzenbataillon,<br> gr\u00fcnwei\u00df, gr\u00fcnwei\u00df, das liebe ich so sehr.<br> o, Pico, Pico, Pico gib die B\u00fcchse wieder raus,<br> wir schie\u00dfen, wir schie\u00dfen den K\u00f6nig wieder aus,<br> gr\u00fcnwei\u00df, gr\u00fcnwei\u00df, das lieben wir so sehr.<\/em><\/p>\n                  <\/div>\n                <\/div>\n                <div data-colibri-id=\"89-c10\" class=\"h-divider style-306 style-local-89-c10 position-relative h-element\">\n                  <span class=\"h-divider__line style-306-line style-local-89-c10-line style-306-line style-local-89-c10-line\"><\/span> <span class=\"h-svg-icon h-divider__icon style-306-icon style-local-89-c10-icon\"><!--Icon by Font Awesome (https:\/\/fontawesome.com)-->\n    <svg version=\"1.1\" xmlns=\"http:\/\/www.w3.org\/2000\/svg\" xmlns:xlink=\"http:\/\/www.w3.org\/1999\/xlink\" id=\"music\" viewBox=\"0 0 1536 1896.0833\">\n      <path d=\"M1536 224v1120q0 50-34 89t-86 60.5-103.5 32-96.5 10.5-96.5-10.5-103.5-32-86-60.5-34-89 34-89 86-60.5 103.5-32 96.5-10.5q105 0 192 39V654L640 891v709q0 50-34 89t-86 60.5-103.5 32T320 1792t-96.5-10.5-103.5-32-86-60.5-34-89 34-89 86-60.5 103.5-32T320 1408q105 0 192 39V480q0-31 19-56.5t49-35.5l832-256q12-4 28-4 40 0 68 28t28 68z\"><\/path>\n    <\/svg><\/span> <span class=\"h-divider__line style-306-line style-local-89-c10-line style-306-line style-local-89-c10-line\"><\/span><\/div>\n                <div data-colibri-id=\"89-c11\" class=\"h-global-transition-all h-heading style-313 style-local-89-c11 position-relative h-element\">\n                  \n                  <div class=\"h-heading__outer style-313 style-local-89-c11\">\n                    \n                    \n                    <h2 class=\"\">Sch\u00fctzenk\u00f6nig m\u00f6cht ich einmal sein!<\/h2>\n                  <\/div>\n                <\/div>\n                <div data-colibri-id=\"89-c12\" class=\"h-text h-text-component style-316 style-local-89-c12 position-relative h-element\">\n                  \n                  \n                  <div class=\"\">\n                    <p>I geh\u00b4 schon lange zum Sch\u00fctzenhause\n                      <br> und \u00fcb\u00b4 das schie\u00dfen fast jeden Tag.\n                      <br> I g\u00f6n\u00b4 mir dabei nie eine Pause,\n                      <br> weil i das schie\u00dfen so gerne mag.\n                      <br> Und lachen manchmal auch meine Freunde:\n                      <br> Komm, la\u00df es sein, denn du schaffst es nie!\n                      <br> Dann wink\u00b4 i ab denn sie k\u00f6nn\u00b4 net wissen,\n                      <br> was ich mei\u00b4m Madel versprochen hab.<\/p>\n                    <p><em>Refrain:<br> Sch\u00fctzenk\u00f6nig m\u00f6cht\u00b4 ich einmal sein!<br> Sch\u00fctzenk\u00f6nig nur f\u00fcr dich allein!<br> Kimme, Korn und Schu\u00df und dann einen Ku\u00df<br> von der lieben, s\u00fc\u00dfen, kleinen K\u00f6nigin!<\/em><\/p>\n                    <p><em>Sch\u00fctzenk\u00f6nig m\u00f6cht\u00b4 ich einmal sein!<br> Sch\u00fctzenk\u00f6nig nur f\u00fcr dich!<br> Spielt dann die Musik das Sch\u00fctzenk\u00f6niglied<br> dann tanz\u00b4 i mit dir in den Himmel \u00b4nein.<\/em><\/p>\n                    <p>Das gro\u00dfe Fest naht mit schnellen Schritten.\n                      <br> I bin so aufgeregt, bald kommt der Tag,\n                      <br> wo sich\u00b4s entscheidet, wer ist der beste,\n                      <br> ob ich es dies\u00b4 mal denn endlich schaff.\n                      <br> Ich lege an und kann\u00b4s gar net glauben,\n                      <br> die besten Sch\u00fcsse komm\u00b4 heut\u00b4 von mir.\n                      <br> Mitten in\u00b4s Schwarze hab\u00b4 ich getroffen,\n                      <br> als Sch\u00fctzenk\u00f6nig steh\u00b4 ich vor dir!<\/p>\n                    <p><em>Refrain:<br> Sch\u00fctzenk\u00f6nig m\u00f6cht\u00b4 ich einmal sein!<br> Sch\u00fctzenk\u00f6nig nur f\u00fcr dich allein!<br> Kimme, Korn und Schu\u00df und dann einen Ku\u00df<br> von der lieben, s\u00fc\u00dfen, kleinen K\u00f6nigin!<\/em><\/p>\n                    <p><em>Sch\u00fctzenk\u00f6nig m\u00f6cht\u00b4 ich einmal sein!<br> Sch\u00fctzenk\u00f6nig nur f\u00fcr dich!<br> Spielt dann die Musik das Sch\u00fctzenk\u00f6niglied<br> dann tanz\u00b4 i mit dir in den Himmel \u00b4nein.<\/em><\/p>\n                    <p>I hab\u00b4s geschafft! I hab\u00b4s vollbracht!\n                      <br> Und auch mei Freunde ham mir alle gratuliert.\n                      <br> Ja so ein Tag, wie ich ihn mag\n                      <br> und endlich hat sich heut mein gro\u00dfer Traum erf\u00fcllt!<\/p>\n                    <p><em>Refrain:<br> Sch\u00fctzenk\u00f6nig m\u00f6cht\u00b4 ich einmal sein!<br> Sch\u00fctzenk\u00f6nig nur f\u00fcr dich allein!<br> Kimme, Korn und Schu\u00df und dann einen Ku\u00df<br> von der lieben, s\u00fc\u00dfen, kleinen K\u00f6nigin!<\/em><\/p>\n                    <p><em>Sch\u00fctzenk\u00f6nig m\u00f6cht\u00b4 ich einmal sein!<br> Sch\u00fctzenk\u00f6nig nur f\u00fcr dich!<br> Spielt dann die Musik das Sch\u00fctzenk\u00f6niglied<br> dann tanz\u00b4 i mit dir in den Himmel \u00b4nein.<\/em><\/p>\n                  <\/div>\n                <\/div>\n                <div data-colibri-id=\"89-c13\" class=\"h-divider style-306 style-local-89-c13 position-relative h-element\">\n                  <span class=\"h-divider__line style-306-line style-local-89-c13-line style-306-line style-local-89-c13-line\"><\/span> <span class=\"h-svg-icon h-divider__icon style-306-icon style-local-89-c13-icon\"><!--Icon by Font Awesome (https:\/\/fontawesome.com)-->\n    <svg version=\"1.1\" xmlns=\"http:\/\/www.w3.org\/2000\/svg\" xmlns:xlink=\"http:\/\/www.w3.org\/1999\/xlink\" id=\"music\" viewBox=\"0 0 1536 1896.0833\">\n      <path d=\"M1536 224v1120q0 50-34 89t-86 60.5-103.5 32-96.5 10.5-96.5-10.5-103.5-32-86-60.5-34-89 34-89 86-60.5 103.5-32 96.5-10.5q105 0 192 39V654L640 891v709q0 50-34 89t-86 60.5-103.5 32T320 1792t-96.5-10.5-103.5-32-86-60.5-34-89 34-89 86-60.5 103.5-32T320 1408q105 0 192 39V480q0-31 19-56.5t49-35.5l832-256q12-4 28-4 40 0 68 28t28 68z\"><\/path>\n    <\/svg><\/span> <span class=\"h-divider__line style-306-line style-local-89-c13-line style-306-line style-local-89-c13-line\"><\/span><\/div>\n                <div data-colibri-id=\"89-c14\" class=\"h-global-transition-all h-heading style-317 style-local-89-c14 position-relative h-element\">\n                  \n                  <div class=\"h-heading__outer style-317 style-local-89-c14\">\n                    \n                    \n                    <h2 class=\"\">Ja, ja, die Leut\u00b4 aus Freckenhorst<\/h2>\n                  <\/div>\n                <\/div>\n                <div data-colibri-id=\"89-c15\" class=\"h-text h-text-component style-318 style-local-89-c15 position-relative h-element\">\n                  \n                  \n                  <div class=\"\">\n                    <p>Ja, ja, die Leut\u00b4 aus Freckenhorst,\n                      <br> die hab\u00b4n es wunderbar!\n                      <br> Keiner hat\u00b4s so gut wie sie,\n                      <br> ja, das ist sonnenklar.\n                      <br> Des tags\u00fcber, da schlafen sie,\n                      <br> des abends geh\u00b4n sie aus,\n                      <br> sie trinken frischen Balkenbrand\n                      <br> und fahr\u00b4n mit der Kutsch nach Haus.<\/p>\n                    <p><em>Refrain:<br> Ja, ja in Freckenhorst, da ist es sch\u00f6n,<br> im sch\u00f6nen Hagen, da m\u00f6cht\u00b4 ich sein<br> die ganze Nacht hindurch, beim Mondenschein,<br> ist das nicht wunderbar, in Freckenhorst zu sein?<br> <\/em>\n                      <br> Wenn meine Frau mir untreu wird,\n                      <br> ich mach\u00b4 mir nichts daraus,\n                      <br> dann fahre ich nach Hoetmar hin \u2013\n                      <br> such\u00b4 mir \u00b4ne and\u00b4re aus.\n                      <br> Ach Hoetmar, ach Hoetmar,\n                      <br> wie gerne m\u00f6cht\u00b4ich hin,\n                      <br> aber leider, leider geht das nicht,\n                      <br> weil ich verheirat\u00b4 bin.<\/p>\n                    <p><em>Refrain:<br> Ja, ja in Freckenhorst, da ist es sch\u00f6n,<br> im sch\u00f6nen Hagen, da m\u00f6cht\u00b4 ich sein<br> die ganze Nacht hindurch, beim Mondenschein,<br> ist das nicht wunderbar, in Freckenhorst zu sein?<\/em><\/p>\n                  <\/div>\n                <\/div>\n                <div data-colibri-id=\"89-c16\" class=\"h-divider style-306 style-local-89-c16 position-relative h-element\">\n                  <span class=\"h-divider__line style-306-line style-local-89-c16-line style-306-line style-local-89-c16-line\"><\/span> <span class=\"h-svg-icon h-divider__icon style-306-icon style-local-89-c16-icon\"><!--Icon by Font Awesome (https:\/\/fontawesome.com)-->\n    <svg version=\"1.1\" xmlns=\"http:\/\/www.w3.org\/2000\/svg\" xmlns:xlink=\"http:\/\/www.w3.org\/1999\/xlink\" id=\"music\" viewBox=\"0 0 1536 1896.0833\">\n      <path d=\"M1536 224v1120q0 50-34 89t-86 60.5-103.5 32-96.5 10.5-96.5-10.5-103.5-32-86-60.5-34-89 34-89 86-60.5 103.5-32 96.5-10.5q105 0 192 39V654L640 891v709q0 50-34 89t-86 60.5-103.5 32T320 1792t-96.5-10.5-103.5-32-86-60.5-34-89 34-89 86-60.5 103.5-32T320 1408q105 0 192 39V480q0-31 19-56.5t49-35.5l832-256q12-4 28-4 40 0 68 28t28 68z\"><\/path>\n    <\/svg><\/span> <span class=\"h-divider__line style-306-line style-local-89-c16-line style-306-line style-local-89-c16-line\"><\/span><\/div>\n                <div data-colibri-id=\"89-c17\" class=\"h-global-transition-all h-heading style-319 style-local-89-c17 position-relative h-element\">\n                  \n                  <div class=\"h-heading__outer style-319 style-local-89-c17\">\n                    \n                    \n                    <h2 class=\"\">In einem Polenst\u00e4dtchen<\/h2>\n                  <\/div>\n                <\/div>\n                <div data-colibri-id=\"89-c18\" class=\"h-text h-text-component style-320 style-local-89-c18 position-relative h-element\">\n                  \n                  \n                  <div class=\"\">\n                    <p>In einem Polenst\u00e4dtchen, da wohnte einst ein M\u00e4dchen,\n                      <br> das war so sch\u00f6n.\n                      <br> Sie war das allersch\u00f6nste Kind, das man in Polen find\u00b4t,\n                      <br> aber nein, aber nein, sprach sie, ich k\u00fcsse nie.\n                      <br> Sie war das allersch\u00f6nste Kind, \u2026<\/p>\n                    <p>Ich f\u00fchrte sie zum Tanze, da fiel aus ihrem Kranze\n                      <br> ein R\u00f6slein rot.\n                      <br> Ich hob es auf von ihrem Fu\u00df, und bat um einen Ku\u00df,\n                      <br> aber nein, aber nein, sprach sie, ich k\u00fcsse nie.\n                      <br> Sie war das allersch\u00f6nste Kind, \u2026<\/p>\n                    <p>Und als der Tanz zu Ende, da nahm sie meine H\u00e4nde\n                      <br> zum erstenmal.\n                      <br> Sie lag in meinem, meinem Arm, mir schlug ds Herz so warm,\n                      <br> aber nein, aber nein, sprach sie, ich k\u00fcsse nie.\n                      <br> Sie war das allersch\u00f6nste Kind, \u2026<\/p>\n                    <p>Und in der Trennungsstunde, da kam aus ihrem Munde\n                      <br> das sch\u00f6nste Wort:\n                      <br> \u201eSo nimm, du Allerliebster dir, den ersten Ku\u00df von mir,\n                      <br> vergi\u00df Maruschka nicht, das Polenkind.\u201c\n                      <br> Sie war das allersch\u00f6nste Kind, \u2026<\/p>\n                    <p>Und als wir Abschied nahmen, lag sie in meinen Armen.\n                      <br> Sie war so sch\u00f6n.\n                      <br> Ein Ringlein gab sie mir zum Schlu\u00df und einen Abschiedsku\u00df,\n                      <br> vergi\u00df Maruschka nicht, das Polenkind.\n                      <br> Sie war das allersch\u00f6nste Kind, \u2026<\/p>\n                    <p>Und als ich kam nach Polen, Maruschka mir zu holen,\n                      <br> da war sie fort.\n                      <br> Ich suchte hier, ich suchte dort, ich sucht\u2018 an jedem Ort,\n                      <br> ich fand Maruschka nicht, das Polenkind.\n                      <br> Sie war das allersch\u00f6nste Kind, \u2026<\/p>\n                    <p>In einem kleinen Teiche, da fand man eine Leiche,\n                      <br> die war so sch\u00f6n.\n                      <br> Sie hielt \u2019nen Zettel in der Hand, darauf geschrieben stand:\n                      <br> \u201eIch hab\u2018 einmal gek\u00fc\u00dft und schwer geb\u00fc\u00dft.\u201c\n                      <br> Sie war das allersch\u00f6nste Kind, \u2026<\/p>\n                  <\/div>\n                <\/div>\n              <\/div>\n            <\/div>\n          <\/div>\n        <\/div>\n      <\/div>\n    <\/div>\n  <\/div>\n<\/div>","protected":false},"excerpt":{"rendered":"<p>Ehrengardelied Der Ehrengarde schmucke Schar sind wir voll Jugendfeuer. Wir folgen treu des Bundes Aar, dem Zeichen, das uns teuer. Hoch lebe unser Kommandeur! Er reitet stolz zu Pferde. Und wir, wir ziehen hinterher \u2013 gibt\u00b4s Sch\u00f6neres auf der Erde? Wir ziehen durch die Stra\u00dfen hin, in festlichem Gepr\u00e4nge, mit stolzem Mut und frohem Sinn, [&hellip;]<\/p>\n","protected":false},"author":3,"featured_media":0,"parent":0,"menu_order":0,"comment_status":"closed","ping_status":"closed","template":"page-templates\/full-width-page.php","meta":{"inline_featured_image":false,"footnotes":""},"class_list":["post-89","page","type-page","status-publish","hentry"],"_links":{"self":[{"href":"https:\/\/meinbsv.de\/ehrengarde\/wp-json\/wp\/v2\/pages\/89","targetHints":{"allow":["GET"]}}],"collection":[{"href":"https:\/\/meinbsv.de\/ehrengarde\/wp-json\/wp\/v2\/pages"}],"about":[{"href":"https:\/\/meinbsv.de\/ehrengarde\/wp-json\/wp\/v2\/types\/page"}],"author":[{"embeddable":true,"href":"https:\/\/meinbsv.de\/ehrengarde\/wp-json\/wp\/v2\/users\/3"}],"replies":[{"embeddable":true,"href":"https:\/\/meinbsv.de\/ehrengarde\/wp-json\/wp\/v2\/comments?post=89"}],"version-history":[{"count":15,"href":"https:\/\/meinbsv.de\/ehrengarde\/wp-json\/wp\/v2\/pages\/89\/revisions"}],"predecessor-version":[{"id":459,"href":"https:\/\/meinbsv.de\/ehrengarde\/wp-json\/wp\/v2\/pages\/89\/revisions\/459"}],"wp:attachment":[{"href":"https:\/\/meinbsv.de\/ehrengarde\/wp-json\/wp\/v2\/media?parent=89"}],"curies":[{"name":"wp","href":"https:\/\/api.w.org\/{rel}","templated":true}]}}