{"id":5,"date":"2024-04-14T13:08:15","date_gmt":"2024-04-14T11:08:15","guid":{"rendered":"http:\/\/meinbsv.de\/ehrengarde\/brite\/"},"modified":"2025-06-06T11:18:38","modified_gmt":"2025-06-06T09:18:38","slug":"brite","status":"publish","type":"page","link":"https:\/\/meinbsv.de\/ehrengarde\/","title":{"rendered":"Ehrengarde"},"content":{"rendered":"<div data-colibri-id=\"5-c1\" class=\"style-190 style-local-5-c1 position-relative\">\n  <!---->\n  <div data-colibri-component=\"section\" data-colibri-id=\"5-c2\" id=\"features\" class=\"h-section h-section-global-spacing d-flex align-items-lg-center align-items-md-center align-items-center style-239 style-local-5-c2 position-relative\">\n    <!---->\n    <!---->\n    <div class=\"h-section-grid-container h-section-boxed-container\">\n      <div data-colibri-id=\"5-c13\" class=\"h-row-container gutters-row-lg-2 gutters-row-md-2 gutters-row-0 gutters-row-v-lg-2 gutters-row-v-md-2 gutters-row-v-2 style-247 style-local-5-c13 position-relative\">\n        <!---->\n        <div class=\"h-row justify-content-lg-center justify-content-md-center justify-content-center align-items-lg-stretch align-items-md-stretch align-items-stretch gutters-col-lg-2 gutters-col-md-2 gutters-col-0 gutters-col-v-lg-2 gutters-col-v-md-2 gutters-col-v-2\">\n          <!---->\n          <div class=\"h-column h-column-container d-flex h-col-lg-auto h-col-md-auto h-col-auto style-248-outer style-local-5-c14-outer\">\n            <div data-colibri-id=\"5-c14\" class=\"d-flex h-flex-basis h-column__inner h-px-lg-2 h-px-md-2 h-px-2 v-inner-lg-2 v-inner-md-2 v-inner-2 style-248 style-local-5-c14 position-relative\">\n              <!---->\n              <!---->\n              <div class=\"w-100 h-y-container h-column__content h-column__v-align flex-basis-100 align-self-lg-start align-self-md-start align-self-start\">\n                <!---->\n                <div data-colibri-id=\"5-c15\" class=\"h-global-transition-all h-heading style-249 style-local-5-c15 position-relative h-element\">\n                  <!---->\n                  <div class=\"h-heading__outer style-249 style-local-5-c15\">\n                    <!---->\n                    <!---->\n                    <h2 class=\"\">Besucht uns auf Social Media<\/h2>\n                  <\/div>\n                <\/div>\n              <\/div>\n            <\/div>\n          <\/div>\n        <\/div>\n      <\/div>\n      <div data-colibri-id=\"5-c3\" class=\"h-row-container gutters-row-lg-2 gutters-row-md-2 gutters-row-2 gutters-row-v-lg-2 gutters-row-v-md-2 gutters-row-v-2 style-240 style-local-5-c3 position-relative\">\n        <!---->\n        <div class=\"h-row justify-content-lg-center justify-content-md-center justify-content-center align-items-lg-stretch align-items-md-stretch align-items-stretch gutters-col-lg-2 gutters-col-md-2 gutters-col-2 gutters-col-v-lg-2 gutters-col-v-md-2 gutters-col-v-2\">\n          <!---->\n          <div class=\"h-column h-column-container d-flex h-col-lg-6 h-col-md-6 h-col-12 style-241-outer style-local-5-c4-outer\">\n            <div data-colibri-id=\"5-c4\" class=\"d-flex h-flex-basis h-column__inner h-px-lg-3 h-px-md-3 h-px-2 v-inner-lg-3 v-inner-md-3 v-inner-2 style-241 style-local-5-c4 position-relative\">\n              <!---->\n              <!---->\n              <div class=\"w-100 h-y-container h-column__content h-column__v-align flex-basis-100 align-self-lg-center align-self-md-center align-self-center\">\n                <!---->\n                <div data-colibri-id=\"5-c5\" class=\"style-267 style-local-5-c5 position-relative h-element\">\n                  <!---->\n                  <div class=\"d-flex flex-wrap h-social-icons justify-content-lg-center justify-content-md-center justify-content-center\">\n                    <div class=\"social-icon-container d-inline-flex\">\n                      <a href=\"https:\/\/www.instagram.com\/ehrengarde_freckenhorst1925\" h-use-smooth-scroll=\"true\">\n                        <div class=\"icon-container h-social-icon h-global-transition\">\n                          <div class=\"h-icon-svg\" style=\"width: 100%; height: 100%;\">\n                            <!--Icon by Socicon (http:\/\/www.socicon.com)-->\n                            <svg version=\"1.1\" xmlns=\"http:\/\/www.w3.org\/2000\/svg\" viewBox=\"0 0 1500 1500\">\n\n                              <path d=\"M750 134.766c202.148 0 222.656 2.93 301.758 5.859 76.172 2.93 114.258 14.648 140.625 23.438 35.156 14.648 61.523 32.227 84.961 55.664 26.367 26.367 43.945 52.734 55.664 84.961 11.719 29.297 23.438 67.383 26.367 140.625 2.93 82.031 5.859 102.539 5.859 304.688s-2.93 222.656-5.859 301.758c-2.93 76.172-14.648 114.258-23.438 140.625-14.648 35.156-32.227 61.523-55.664 84.961-26.367 26.367-52.734 43.945-84.961 55.664-29.297 11.719-67.383 23.438-140.625 26.367-82.031 2.93-102.539 5.859-304.688 5.859s-222.656-2.93-301.758-5.859c-76.172-2.93-114.258-14.648-140.625-23.438-35.156-14.648-61.523-32.227-84.961-55.664-26.367-26.367-43.945-52.734-55.664-84.961-11.719-29.297-23.438-67.383-26.367-140.625-2.93-82.031-5.859-102.539-5.859-304.688s2.93-222.656 5.859-301.758c2.93-76.172 14.648-114.258 23.438-140.625 14.648-35.156 32.227-61.523 55.664-84.961 26.367-26.367 52.734-43.945 84.961-55.664 29.297-11.719 67.383-23.438 140.625-26.367 82.031-2.93 102.539-5.859 304.688-5.859M750 0c-205.078 0-228.516 2.93-307.617 5.859-82.031 2.93-137.695 14.648-181.641 32.227-49.805 20.508-93.75 46.875-134.766 87.891s-67.383 84.961-87.891 134.766c-17.578 46.875-29.297 99.609-32.227 181.641-2.93 79.102-5.859 102.539-5.859 307.617s2.93 228.516 5.859 307.617c2.93 82.031 14.648 137.695 32.227 181.641 20.508 49.805 46.875 93.75 87.891 134.766s84.961 67.383 134.766 87.891c46.875 17.578 99.609 29.297 181.641 32.227 79.102 2.93 102.539 5.859 307.617 5.859s228.516-2.93 307.617-5.859c82.031-2.93 137.695-14.648 181.641-32.227 49.805-20.508 93.75-46.875 134.766-87.891s67.383-84.961 87.891-134.766c17.578-46.875 29.297-99.609 32.227-181.641 2.93-79.102 5.859-102.539 5.859-307.617s-2.93-228.516-5.859-307.617c-2.93-82.031-14.648-137.695-32.227-181.641-20.508-49.805-46.875-93.75-87.891-134.766s-84.961-67.383-134.766-87.891c-46.875-17.578-99.609-29.297-181.641-32.227-79.102-2.93-102.539-5.859-307.617-5.859zM750 363.281c-213.867 0-386.719 172.852-386.719 386.719s172.852 386.719 386.719 386.719c213.867 0 386.719-172.852 386.719-386.719s-172.852-386.719-386.719-386.719zM750 1001.953c-137.695 0-251.953-114.258-251.953-251.953s114.258-251.953 251.953-251.953c137.695 0 251.953 114.258 251.953 251.953s-114.258 251.953-251.953 251.953zM1239.258 348.633c0 49.805-38.086 90.82-87.891 90.82s-90.82-41.016-90.82-90.82c0-49.805 41.016-87.891 90.82-87.891s87.891 38.086 87.891 87.891z\"><\/path>\n                            <\/svg>\n                          <\/div>\n                        <\/div>\n                      <\/a>\n                    <\/div>\n                  <\/div>\n                <\/div>\n                <div data-colibri-id=\"5-c6\" class=\"h-global-transition-all h-heading style-243 style-local-5-c6 position-relative h-element\">\n                  <!---->\n                  <div class=\"h-heading__outer style-243 style-local-5-c6\">\n                    <!---->\n                    <!---->\n                    <h4 class=\"\">ehrengarde_freckenhorst1925<\/h4>\n                  <\/div>\n                <\/div>\n              <\/div>\n            <\/div>\n          <\/div>\n        <\/div>\n      <\/div>\n      <div data-colibri-id=\"5-c7\" class=\"h-row-container gutters-row-lg-2 gutters-row-md-2 gutters-row-0 gutters-row-v-lg-2 gutters-row-v-md-2 gutters-row-v-2 style-339 style-local-5-c7 position-relative\">\n        <!---->\n        <div class=\"h-row justify-content-lg-center justify-content-md-center justify-content-center align-items-lg-stretch align-items-md-stretch align-items-stretch gutters-col-lg-2 gutters-col-md-2 gutters-col-0 gutters-col-v-lg-2 gutters-col-v-md-2 gutters-col-v-2\">\n          <!---->\n          <div class=\"h-column h-column-container d-flex h-col-lg-auto h-col-md-auto h-col-auto style-340-outer style-local-5-c8-outer\">\n            <div data-colibri-id=\"5-c8\" class=\"d-flex h-flex-basis h-column__inner h-px-lg-2 h-px-md-2 h-px-2 v-inner-lg-2 v-inner-md-2 v-inner-2 style-340 style-local-5-c8 position-relative\">\n              <!---->\n              <!---->\n              <div class=\"w-100 h-y-container h-column__content h-column__v-align flex-basis-100 align-self-lg-start align-self-md-start align-self-start\">\n                <!---->\n                <div data-colibri-id=\"5-c9\" class=\"h-global-transition-all h-heading style-341 style-local-5-c9 position-relative h-element\">\n                  <!---->\n                  <div class=\"h-heading__outer style-341 style-local-5-c9\">\n                    <!---->\n                    <!---->\n                    <h1 class=\"\">Ehrentanz<\/h1>\n                  <\/div>\n                <\/div>\n              <\/div>\n            <\/div>\n          <\/div>\n        <\/div>\n      <\/div>\n      <div data-colibri-id=\"5-c10\" class=\"h-row-container gutters-row-lg-2 gutters-row-md-2 gutters-row-0 gutters-row-v-lg-2 gutters-row-v-md-2 gutters-row-v-2 style-336 style-local-5-c10 position-relative\">\n        <!---->\n        <div class=\"h-row justify-content-lg-center justify-content-md-center justify-content-center align-items-lg-stretch align-items-md-stretch align-items-stretch gutters-col-lg-2 gutters-col-md-2 gutters-col-0 gutters-col-v-lg-2 gutters-col-v-md-2 gutters-col-v-2\">\n          <!---->\n          <div class=\"h-column h-column-container d-flex h-col-lg-auto h-col-md-auto h-col-auto style-337-outer style-local-5-c11-outer\">\n            <div data-colibri-id=\"5-c11\" class=\"d-flex h-flex-basis h-column__inner h-px-lg-2 h-px-md-2 h-px-2 v-inner-lg-2 v-inner-md-2 v-inner-2 style-337 style-local-5-c11 position-relative\">\n              <!---->\n              <!---->\n              <div class=\"w-100 h-y-container h-column__content h-column__v-align flex-basis-100 align-self-lg-start align-self-md-start align-self-start\">\n                <!---->\n                <div data-colibri-id=\"5-c12\" class=\"h-text h-text-component style-338 style-local-5-c12 position-relative h-element\">\n                  <!---->\n                  <!---->\n                  <div class=\"\">\n                    <h3><span style=\"font-size: 107%;\">Ehrengardisten machen ihrem Namen alle Ehre<\/span><\/h3>\n                    <p>Ist Ehrenamt Ehrensache? Leider immer seltener. Ehrenamtliches Engagement leistet einen wichtigen Beitrag f\u00fcr die Lebensqualit\u00e4t und Integrationskraft des Gemeinwesens. Unsere Gesellschaft lebt davon, dass Menschen Verantwortung f\u00fcr\n                      sich und f\u00fcr andere \u00fcbernehmen. Und vor dem Hintergrund des demografischen Wandels gewinnt b\u00fcrgerschaftliches Engagement immer st\u00e4rker an Bedeutung. Hinzu kommt der immer st\u00e4rker werdende Drang zur Individualit\u00e4t und damit einher\n                      gehend die sinkende Bereitschaft, sich in gemeinschaftliche Belange einzubringen. Aktuell leisten in Deutschland noch 20 Millionen B\u00fcrger einen freiwilligen Beitrag f\u00fcr die Gesellschaft, allein in Nordrhein-Westfalen sind es mehr\n                      als 6 Millionen. Aber: Tendenz abnehmend!<\/p>\n                    <p>Ehrenamt Ehrensache? F\u00fcr Ehrengardisten selbstverst\u00e4ndlich. Doch auch an uns geht der Zeitgeist nicht spurlos vorbei. Noch vor wenigen Jahren waren die begrenzten Pl\u00e4tze in der Ehrengarde hei\u00df begehrt. Es gab sogar Wartelisten auf\n                      einen frei werdenden Platz in unserer Garde. Nur maximal 30 (sp\u00e4ter 40) Jacken konnten besetzt werden, wor\u00fcber die aktiven Ehrengardisten bei ihrer Generalversammlung per Mehrheitsentscheid bestimmen. Heute stellen sich auch in der\n                      Ehrengarde die gemeinhin bekannten Nachwuchsprobleme ein, wie sie die meisten Vereine, bei denen ehrenamtliches Engagement gefragt ist, kennen. Die meist jungen Anw\u00e4rter m\u00fcssen f\u00fcr sich die Frage beantworten, ob die Ehrengarde mit\n                      ihren zahlreichen \u00fcber das Jahr verteilten Terminen die richtige Wahl f\u00fcr sie ist. Denn von uns Ehrengardisten wird ein starkes Engagement erwartet. Verl\u00e4sslichkeit, Einsatzbereitschaft und Disziplin sind in hohem Ma\u00df gefordert.\n                      Schlie\u00dflich wollen wir das Aush\u00e4ngeschild des B\u00fcrgersch\u00fctzen-Vereins sein. Dieser Anspruch wurde uns schon mit der Satzung des Gesamtvereins quasi in die Wiege gelegt. Dort hei\u00dft es: \u201eDie Ehrengarde soll den Verein in der \u00d6ffentlichkeit,\n                      auch au\u00dferhalb von Freckenhorst, w\u00fcrdig repr\u00e4sentieren und den Vorstand bei der organisatorischen Durchf\u00fchrung des B\u00fcrgersch\u00fctzenfestes wirksam unterst\u00fctzen\u201c.<\/p>\n                    <p>Das verlangt von den Ehrengardisten h\u00e4ufig eine geh\u00f6rige Portion Idealismus, denn der Terminkalender ist \u2013 insbesondere in den Sommermonaten \u2013 prall gef\u00fcllt. So ist die Generalversammlung am Gr\u00fcndonnerstag allj\u00e4hrlich der Startschuss\n                      in die Sch\u00fctzensaison. Es folgen zahlreiche Repr\u00e4sentanzverpflichtungen auf Sch\u00fctzenfesten befreundeter Vereine und das Kreisehrengardentreffen am letzten Augustwochenende, wo sich die Ehrengarden aus dem Altkreis Warendorf einem\n                      Wettstreit um die Wanderstandarte stellen. Allj\u00e4hrlicher H\u00f6hepunkt ist jedoch das eigene B\u00fcrgersch\u00fctzenfest. Dieses, unser Fest, wollen wir immer wieder durch unseren Auftritt optisch bereichern. Aber auch abseits der offiziellen\n                      Programmpunkte sind wir als Ehrengardisten gefragt. Denn bis alles an einem solchen Wochenende wie geplant funktioniert, sind viele Vorbereitungen notwendig und so manche helfende ist Hand gefragt. Durch unser Mitwirken an vielen\n                      Stellen im Vorfeld und am Sch\u00fctzenfestwochendende selbst werden wir dem in der Satzung formulierten Anspruch gerecht.<\/p>\n                    <p>Ehrenamt Einbahnstra\u00dfe? Mitnichten. Sicher erfordert es viel Einsatz Ehrengardist zu sein. Und ebenso sicher ist es nicht immer ganz einfach, den geforderten Idealismus an den Tag zu legen. Aber unsere Aufgabe erf\u00fcllt uns auch mit\n                      Stolz. Und mit ganz viel Freude. Denn Ehrenamt bedeutet nicht nur Engagement. Ehrenamt in der Ehrengarde gibt auch ganz viel zur\u00fcck. Und zwar Kameradschaft, Stimmung, Geselligkeit, Spa\u00df in der Gemeinschaft und nicht zuletzt das Bewusstsein,\n                      gemeinsam etwas bewegen zu k\u00f6nnen.<\/p>\n                    <p>Ehrensache von gestern? Die Ehrengarde wurde bereits 1925 gegr\u00fcndet und ist damit nicht ganz halb so alt wie der B\u00fcrgersch\u00fctzen-Verein. Viele Aufgaben und viele Rituale sind \u00fcber die Jahre zur Tradition geworden. Und es ist im Sinne\n                      der Ehrengarde und des Gesamtvereins, diese Traditionen zu wahren. Was aber keineswegs bedeutet, starr und unbeweglich in alten Formen zu verharren, sondern den Traditionen Jahr f\u00fcr Jahr neue Formen zu geben und sie zeitgem\u00e4\u00df weiterzuf\u00fchren.<strong>&nbsp;<\/strong>Dieser\n                      gro\u00dfen Verantwortung sind wir uns alle bewusst. Und so haben alle Ehrengardisten seit 1925 die Garde auf ihre Weise gepr\u00e4gt, ihr Profil gesch\u00e4rft und sie als unverzichtbaren Bestandteil des Gesamtvereins profiliert. Das betrachten\n                      wir heute sehr dankbar als eine gro\u00dfe Leistung, von der die gegenw\u00e4rtigen Gardisten in hohem Ma\u00dfe profitieren. Geschichte und Traditionen betrachten wir somit auch als Verpflichtung und als Motivation zugleich. Denn wir wollen auch\n                      zuk\u00fcnftig den an uns herangetragenen Aufgaben und dem uns selbst auferlegten Anspruch gerecht werden. Als starke Truppe, die Stolz, Ehre, Disziplin und Einsatzbereitschaft gro\u00df schreibt. In der es aber auch viel Spa\u00df, Freude und\n                      Teamgeist zu erleben gibt. Engagement hat Zukunft. Ehrensache!<\/p>\n                    <p>&nbsp;<\/p>\n                    <p>Markus Kesse\n                      <br> Stefan Stakenk\u00f6tter<\/p>\n                  <\/div>\n                <\/div>\n              <\/div>\n            <\/div>\n          <\/div>\n        <\/div>\n      <\/div>\n    <\/div>\n  <\/div>\n<\/div>","protected":false},"excerpt":{"rendered":"<p>Besucht uns auf Social Media ehrengarde_freckenhorst1925 Ehrentanz Ehrengardisten machen ihrem Namen alle Ehre Ist Ehrenamt Ehrensache? Leider immer seltener. Ehrenamtliches Engagement leistet einen wichtigen Beitrag f\u00fcr die Lebensqualit\u00e4t und Integrationskraft des Gemeinwesens. Unsere Gesellschaft lebt davon, dass Menschen Verantwortung f\u00fcr sich und f\u00fcr andere \u00fcbernehmen. Und vor dem Hintergrund des demografischen Wandels gewinnt b\u00fcrgerschaftliches Engagement [&hellip;]<\/p>\n","protected":false},"author":3,"featured_media":0,"parent":0,"menu_order":0,"comment_status":"closed","ping_status":"closed","template":"page-templates\/homepage.php","meta":{"inline_featured_image":false,"footnotes":""},"class_list":["post-5","page","type-page","status-publish","hentry"],"_links":{"self":[{"href":"https:\/\/meinbsv.de\/ehrengarde\/wp-json\/wp\/v2\/pages\/5","targetHints":{"allow":["GET"]}}],"collection":[{"href":"https:\/\/meinbsv.de\/ehrengarde\/wp-json\/wp\/v2\/pages"}],"about":[{"href":"https:\/\/meinbsv.de\/ehrengarde\/wp-json\/wp\/v2\/types\/page"}],"author":[{"embeddable":true,"href":"https:\/\/meinbsv.de\/ehrengarde\/wp-json\/wp\/v2\/users\/3"}],"replies":[{"embeddable":true,"href":"https:\/\/meinbsv.de\/ehrengarde\/wp-json\/wp\/v2\/comments?post=5"}],"version-history":[{"count":20,"href":"https:\/\/meinbsv.de\/ehrengarde\/wp-json\/wp\/v2\/pages\/5\/revisions"}],"predecessor-version":[{"id":552,"href":"https:\/\/meinbsv.de\/ehrengarde\/wp-json\/wp\/v2\/pages\/5\/revisions\/552"}],"wp:attachment":[{"href":"https:\/\/meinbsv.de\/ehrengarde\/wp-json\/wp\/v2\/media?parent=5"}],"curies":[{"name":"wp","href":"https:\/\/api.w.org\/{rel}","templated":true}]}}